{"id":14,"date":"2024-03-20T21:37:39","date_gmt":"2024-03-20T21:37:39","guid":{"rendered":"http:\/\/www.baransigorta.com\/?page_id=14"},"modified":"2024-03-21T00:28:07","modified_gmt":"2024-03-21T00:28:07","slug":"home","status":"publish","type":"page","link":"http:\/\/www.baransigorta.com\/","title":{"rendered":"Home"},"content":{"rendered":"\n<div class=\"wp-block-cover alignfull wp-duotone-blue-red\" style=\"min-height:730px\"><span aria-hidden=\"true\" class=\"wp-block-cover__background has-background-dim-100 has-background-dim has-background-gradient has-very-light-gray-to-cyan-bluish-gray-gradient-background\"><\/span><div class=\"wp-block-cover__inner-container is-layout-flow wp-block-cover-is-layout-flow\">\n<div class=\"inherit-container-width wp-block-group alignwide is-layout-constrained wp-block-group-is-layout-constrained\">\n<div class=\"wp-block-media-text alignwide has-media-on-the-right is-stacked-on-mobile is-vertically-aligned-center\" style=\"grid-template-columns:auto 48%\"><div class=\"wp-block-media-text__content\">\n<h2 class=\"wp-block-heading has-text-align-left has-ast-global-color-0-color has-text-color\">Baran D\u00f6nmez Sigorta Arac\u0131l\u0131k Hizmetleri Limited \u015eirketi <\/h2>\n\n\n\n<p class=\"myBold has-ast-global-color-8-color has-text-color has-link-color wp-elements-e767fef4f9fcc5dbe4e5b02b55361e5c\">Gelece\u011finizi g\u00fcvence alt\u0131na al\u0131n! Sigorta sekt\u00f6r\u00fcn\u00fcn g\u00fcvenilir adresi olarak, sizin i\u00e7in en uygun \u00e7\u00f6z\u00fcmleri sunuyoruz. Hayat\u0131n\u0131z\u0131n her an\u0131nda yan\u0131n\u0131zday\u0131z, beklenmedik durumlara kar\u015f\u0131 sizi korumak i\u00e7in buraday\u0131z. Siz de bug\u00fcn bize kat\u0131l\u0131n ve huzurlu bir gelece\u011fe ad\u0131m at\u0131n. <\/p>\n\n\n\n<div class=\"wp-block-buttons is-layout-flex wp-block-buttons-is-layout-flex\">\n<div class=\"wp-block-button\"><a class=\"wp-block-button__link wp-element-button\" href=\"https:\/\/api.whatsapp.com\/send\/?phone=905426075544&amp;text&amp;type=phone_number&amp;app_absent=0\" target=\"_blank\" rel=\"noreferrer noopener\">\u0130leti\u015fim<\/a><\/div>\n<\/div>\n<\/div><figure class=\"wp-block-media-text__media\"><img fetchpriority=\"high\" decoding=\"async\" width=\"829\" height=\"301\" src=\"http:\/\/www.baransigorta.com\/wp-content\/uploads\/2024\/03\/Screenshot_17-removebg-preview.png\" alt=\"\" class=\"wp-image-188 size-full\" srcset=\"http:\/\/www.baransigorta.com\/wp-content\/uploads\/2024\/03\/Screenshot_17-removebg-preview.png 829w, http:\/\/www.baransigorta.com\/wp-content\/uploads\/2024\/03\/Screenshot_17-removebg-preview-300x109.png 300w, http:\/\/www.baransigorta.com\/wp-content\/uploads\/2024\/03\/Screenshot_17-removebg-preview-768x279.png 768w\" sizes=\"(max-width: 829px) 100vw, 829px\" \/><\/figure><\/div>\n<\/div>\n<\/div><\/div>\n\n\n\n<div class=\"wp-block-group alignfull has-ast-global-color-5-background-color has-background is-layout-constrained wp-container-core-group-layout-3 wp-block-group-is-layout-constrained\" style=\"padding-bottom:0px\">\n<div class=\"wp-block-columns are-vertically-aligned-top is-layout-flex wp-container-core-columns-layout-1 wp-block-columns-is-layout-flex\">\n<div class=\"wp-block-column is-vertically-aligned-top is-layout-flow wp-container-core-column-layout-1 wp-block-column-is-layout-flow\">\n<figure class=\"wp-block-image aligncenter size-full is-resized\"><img decoding=\"async\" width=\"507\" height=\"352\" src=\"http:\/\/www.baransigorta.com\/wp-content\/uploads\/2024\/03\/Screenshot_12.jpg\" alt=\"\" class=\"wp-image-113\" style=\"aspect-ratio:1.7777777777777777;object-fit:cover;width:166px;height:auto\" srcset=\"http:\/\/www.baransigorta.com\/wp-content\/uploads\/2024\/03\/Screenshot_12.jpg 507w, http:\/\/www.baransigorta.com\/wp-content\/uploads\/2024\/03\/Screenshot_12-300x208.jpg 300w\" sizes=\"(max-width: 507px) 100vw, 507px\" \/><\/figure>\n\n\n\n<h3 class=\"wp-block-heading has-text-align-center\" style=\"margin-top:16px\">Konut Sigortas\u0131<\/h3>\n\n\n\n<p class=\"has-text-align-left\"><\/p>\n<\/div>\n\n\n\n<div class=\"wp-block-column is-vertically-aligned-top is-layout-flow wp-container-core-column-layout-2 wp-block-column-is-layout-flow\">\n<figure class=\"wp-block-image aligncenter size-full\"><img decoding=\"async\" width=\"796\" height=\"268\" src=\"http:\/\/www.baransigorta.com\/wp-content\/uploads\/2024\/03\/Screenshot_8-1.jpg\" alt=\"\" class=\"wp-image-103\" style=\"object-fit:cover\" srcset=\"http:\/\/www.baransigorta.com\/wp-content\/uploads\/2024\/03\/Screenshot_8-1.jpg 796w, http:\/\/www.baransigorta.com\/wp-content\/uploads\/2024\/03\/Screenshot_8-1-300x101.jpg 300w, http:\/\/www.baransigorta.com\/wp-content\/uploads\/2024\/03\/Screenshot_8-1-768x259.jpg 768w\" sizes=\"(max-width: 796px) 100vw, 796px\" \/><\/figure>\n\n\n\n<h3 class=\"wp-block-heading has-text-align-center\" style=\"margin-top:16px\">Tarsim<\/h3>\n\n\n\n<p class=\"has-text-align-left\"><\/p>\n<\/div>\n\n\n\n<div class=\"wp-block-column is-vertically-aligned-top is-layout-flow wp-container-core-column-layout-3 wp-block-column-is-layout-flow\">\n<figure class=\"wp-block-image aligncenter size-full is-resized\"><img loading=\"lazy\" decoding=\"async\" width=\"639\" height=\"329\" src=\"http:\/\/www.baransigorta.com\/wp-content\/uploads\/2024\/03\/Screenshot_14.jpg\" alt=\"\" class=\"wp-image-117\" style=\"aspect-ratio:1.3333333333333333;object-fit:cover;width:146px;height:auto\" srcset=\"http:\/\/www.baransigorta.com\/wp-content\/uploads\/2024\/03\/Screenshot_14.jpg 639w, http:\/\/www.baransigorta.com\/wp-content\/uploads\/2024\/03\/Screenshot_14-300x154.jpg 300w\" sizes=\"(max-width: 639px) 100vw, 639px\" \/><\/figure>\n\n\n\n<h3 class=\"wp-block-heading has-text-align-left\" style=\"margin-top:16px\">Zorunlu Trafik Sigortas\u0131<\/h3>\n\n\n\n<p class=\"has-text-align-left\"><\/p>\n<\/div>\n\n\n\n<div class=\"wp-block-column is-vertically-aligned-top is-layout-flow wp-container-core-column-layout-4 wp-block-column-is-layout-flow\">\n<figure class=\"wp-block-image aligncenter size-full is-resized\"><img loading=\"lazy\" decoding=\"async\" width=\"501\" height=\"307\" src=\"http:\/\/www.baransigorta.com\/wp-content\/uploads\/2024\/03\/Screenshot_11.jpg\" alt=\"\" class=\"wp-image-110\" style=\"aspect-ratio:16\/9;object-fit:cover;width:207px;height:auto\" srcset=\"http:\/\/www.baransigorta.com\/wp-content\/uploads\/2024\/03\/Screenshot_11.jpg 501w, http:\/\/www.baransigorta.com\/wp-content\/uploads\/2024\/03\/Screenshot_11-300x184.jpg 300w\" sizes=\"(max-width: 501px) 100vw, 501px\" \/><\/figure>\n\n\n\n<h3 class=\"wp-block-heading has-text-align-center\" style=\"margin-top:16px\">Tamamlay\u0131c\u0131 Sa\u011fl\u0131k Sigortas\u0131<\/h3>\n\n\n\n<p class=\"has-text-align-left\"><\/p>\n<\/div>\n<\/div>\n\n\n\n<div class=\"wp-block-group alignfull has-ast-global-color-5-background-color has-background is-layout-constrained wp-container-core-group-layout-2 wp-block-group-is-layout-constrained\" style=\"padding-bottom:0px\">\n<div class=\"wp-block-columns are-vertically-aligned-top is-layout-flex wp-container-core-columns-layout-2 wp-block-columns-is-layout-flex\">\n<div class=\"wp-block-column is-vertically-aligned-top is-layout-flow wp-container-core-column-layout-5 wp-block-column-is-layout-flow\">\n<figure class=\"wp-block-image size-full is-resized\"><img loading=\"lazy\" decoding=\"async\" width=\"323\" height=\"132\" src=\"http:\/\/www.baransigorta.com\/wp-content\/uploads\/2024\/03\/Screenshot_9.jpg\" alt=\"\" class=\"wp-image-106\" style=\"width:370px;height:auto\" srcset=\"http:\/\/www.baransigorta.com\/wp-content\/uploads\/2024\/03\/Screenshot_9.jpg 323w, http:\/\/www.baransigorta.com\/wp-content\/uploads\/2024\/03\/Screenshot_9-300x123.jpg 300w\" sizes=\"(max-width: 323px) 100vw, 323px\" \/><\/figure>\n\n\n\n<p><\/p>\n\n\n\n<h3 class=\"wp-block-heading has-text-align-center\" style=\"margin-top:16px\">Dask Sigortas\u0131<\/h3>\n\n\n\n<p class=\"has-text-align-left\"><\/p>\n<\/div>\n\n\n\n<div class=\"wp-block-column is-vertically-aligned-top is-layout-flow wp-container-core-column-layout-6 wp-block-column-is-layout-flow\">\n<figure class=\"wp-block-image size-full\"><img loading=\"lazy\" decoding=\"async\" width=\"783\" height=\"391\" src=\"http:\/\/www.baransigorta.com\/wp-content\/uploads\/2024\/03\/cc74a6be-da8d-4961-add8-b2f3dfeb3e1b.jpg\" alt=\"\" class=\"wp-image-111\" srcset=\"http:\/\/www.baransigorta.com\/wp-content\/uploads\/2024\/03\/cc74a6be-da8d-4961-add8-b2f3dfeb3e1b.jpg 783w, http:\/\/www.baransigorta.com\/wp-content\/uploads\/2024\/03\/cc74a6be-da8d-4961-add8-b2f3dfeb3e1b-300x150.jpg 300w, http:\/\/www.baransigorta.com\/wp-content\/uploads\/2024\/03\/cc74a6be-da8d-4961-add8-b2f3dfeb3e1b-768x384.jpg 768w\" sizes=\"(max-width: 783px) 100vw, 783px\" \/><\/figure>\n\n\n\n<h3 class=\"wp-block-heading has-text-align-center\" style=\"margin-top:16px\">Seyehat Sigortas\u0131<\/h3>\n\n\n\n<p class=\"has-text-align-left\"><\/p>\n<\/div>\n\n\n\n<div class=\"wp-block-column is-vertically-aligned-top is-layout-flow wp-container-core-column-layout-7 wp-block-column-is-layout-flow\">\n<figure class=\"wp-block-image aligncenter size-full is-resized\"><img loading=\"lazy\" decoding=\"async\" width=\"515\" height=\"339\" src=\"http:\/\/www.baransigorta.com\/wp-content\/uploads\/2024\/03\/Screenshot_15.jpg\" alt=\"\" class=\"wp-image-119\" style=\"aspect-ratio:1.7777777777777777;object-fit:cover;width:340px;height:auto\" srcset=\"http:\/\/www.baransigorta.com\/wp-content\/uploads\/2024\/03\/Screenshot_15.jpg 515w, http:\/\/www.baransigorta.com\/wp-content\/uploads\/2024\/03\/Screenshot_15-300x197.jpg 300w\" sizes=\"(max-width: 515px) 100vw, 515px\" \/><\/figure>\n\n\n\n<h3 class=\"wp-block-heading has-text-align-center\" style=\"margin-top:16px\">Ara\u00e7 Kaskosu<\/h3>\n\n\n\n<p class=\"has-text-align-left\"><\/p>\n<\/div>\n<\/div>\n<\/div>\n<\/div>\n\n\n\n<div class=\"wp-block-group alignfull has-ast-global-color-5-background-color has-background is-layout-constrained wp-container-core-group-layout-5 wp-block-group-is-layout-constrained\" id=\"about\" style=\"padding-top:143px;padding-bottom:144px\">\n<div class=\"wp-block-media-text has-media-on-the-right is-stacked-on-mobile is-vertically-aligned-center\"><div class=\"wp-block-media-text__content\">\n<div class=\"inherit-container-width wp-block-group is-layout-constrained wp-block-group-is-layout-constrained\" style=\"padding-right:80px\">\n<h2 class=\"wp-block-heading\" style=\"padding-right:40px\">Sigorta Tak\u0131m\u0131: G\u00fcvenle Gelece\u011fe Ad\u0131m At\u0131n!<\/h2>\n\n\n\n<p>Hayat\u0131n anl\u0131k s\u00fcrprizlerine kar\u015f\u0131 birlikte g\u00fc\u00e7lenelim! Sigorta Tak\u0131m\u0131 olarak, sizin i\u00e7in en iyi koruma ve g\u00fcvenceyi sa\u011flamak i\u00e7in buraday\u0131z. Her ad\u0131mda yan\u0131n\u0131zday\u0131z, her ihtiyac\u0131n\u0131za \u00f6zel \u00e7\u00f6z\u00fcmler sunuyoruz. G\u00fcvenilirli\u011fimizle sizi korurken, rahat\u0131n\u0131z\u0131 ve huzurunuzu sa\u011flamak i\u00e7in \u00e7al\u0131\u015f\u0131yoruz. Bizimle g\u00fcvende hissedin, gelece\u011fe emin ad\u0131mlarla ilerleyin. Detayl\u0131 bilgi ve teklifler i\u00e7in bize ula\u015f\u0131n<\/p>\n<\/div>\n<\/div><figure class=\"wp-block-media-text__media\"><img decoding=\"async\" src=\"http:\/\/www.baransigorta.com\/wp-content\/themes\/astra\/inc\/assets\/images\/starter-content\/about-us.jpg\" alt=\"\" class=\"wp-image-237 size-full\"\/><\/figure><\/div>\n<\/div>\n\n\n\n<div class=\"wp-block-group alignfull has-ast-global-color-4-background-color has-background is-layout-constrained wp-container-core-group-layout-6 wp-block-group-is-layout-constrained\" id=\"reviews\">\n<figure class=\"wp-block-image aligncenter size-full\"><img decoding=\"async\" src=\"http:\/\/www.baransigorta.com\/wp-content\/themes\/astra\/inc\/assets\/images\/starter-content\/avatar.png\" alt=\"\" class=\"wp-image-235\"\/><\/figure>\n\n\n\n<p>M\u00fc\u015fteri odakl\u0131 yakla\u015f\u0131m\u0131m\u0131z ve uzman ekibimiz sayesinde, sigorta ihtiya\u00e7lar\u0131n\u0131za en uygun \u00e7\u00f6z\u00fcmleri sunarak g\u00fcvenli\u011finizi sa\u011fl\u0131yoruz.<\/p>\n\n\n\n<p>M\u00fc\u015fteri memnuniyeti bizim i\u00e7in her zaman \u00f6ncelikli olmu\u015ftur ve bu de\u011ferimizi koruyarak hizmetlerimizi s\u00fcrd\u00fcrmekteyiz. G\u00fc\u00e7l\u00fc bir a\u011f\u0131m\u0131z ve tecr\u00fcbeli \u00e7al\u0131\u015fanlar\u0131m\u0131zla, beklenmedik durumlara kar\u015f\u0131 sizi korumak i\u00e7in buraday\u0131z.<\/p>\n\n\n\n<p>Siz de\u011ferli m\u00fc\u015fterilerimizin bize olan g\u00fcveni, i\u015fimizi daha da de\u011ferli k\u0131l\u0131yor ve bize ilham veriyor. Hep birlikte daha b\u00fcy\u00fck ba\u015far\u0131lara imza ataca\u011f\u0131m\u0131za inan\u0131yorum.<\/p>\n\n\n\n<p class=\"has-text-align-center\"><strong>Baran D\u00d6NMEZ<\/strong><\/p>\n<\/div>\n\n\n\n<div class=\"wp-block-group alignfull is-layout-constrained wp-container-core-group-layout-7 wp-block-group-is-layout-constrained\" id=\"whyus\" style=\"padding-top:144px;padding-bottom:144px\">\n<h2 class=\"wp-block-heading\">Neden Bizi Se\u00e7melisiniz?<\/h2>\n\n\n\n<div class=\"wp-block-columns is-layout-flex wp-container-core-columns-layout-3 wp-block-columns-is-layout-flex\" style=\"margin-top:60px\">\n<div class=\"wp-block-column is-layout-flow wp-container-core-column-layout-8 wp-block-column-is-layout-flow\">\n<figure class=\"wp-block-image size-large\"><img decoding=\"async\" src=\"http:\/\/www.baransigorta.com\/wp-content\/themes\/astra\/inc\/assets\/images\/starter-content\/passionate.svg\" alt=\"\" class=\"wp-image-162\"\/><\/figure>\n\n\n\n<h3 class=\"wp-block-heading\" style=\"margin-top:16px\">Tutkulu<\/h3>\n\n\n\n<p>Tutkumuz, i\u015fimizi en iyi \u015fekilde yapmam\u0131z\u0131 sa\u011flar. Her g\u00fcn, her ad\u0131m\u0131m\u0131zda bu tutkuyu hissediyoruz. Sigorta Tak\u0131m\u0131 olarak, i\u015fimizi tutkuyla yapman\u0131n getirdi\u011fi enerjiyle her m\u00fc\u015fterimizin g\u00fcvenli\u011fini sa\u011flamak i\u00e7in buraday\u0131z. Tutkuyla i\u015fimize sar\u0131l\u0131yor, her an\u0131n\u0131z\u0131 g\u00fcvenle bulu\u015fturuyoruz. Bizimle, tutkulu bir gelece\u011fe ad\u0131m at\u0131n.<\/p>\n<\/div>\n\n\n\n<div class=\"wp-block-column is-layout-flow wp-container-core-column-layout-9 wp-block-column-is-layout-flow\">\n<figure class=\"wp-block-image size-large\"><img decoding=\"async\" src=\"http:\/\/www.baransigorta.com\/wp-content\/themes\/astra\/inc\/assets\/images\/starter-content\/professional.svg\" alt=\"\" class=\"wp-image-163\"\/><\/figure>\n\n\n\n<h3 class=\"wp-block-heading\" style=\"margin-top:16px\">Profesyonel<\/h3>\n\n\n\n<p> Sigorta Tak\u0131m\u0131 olarak, her ad\u0131mda profesyonelli\u011fimizi koruyor ve hizmetlerimizi en y\u00fcksek standartlarda sunuyoruz. M\u00fc\u015fterilerimize sa\u011flad\u0131\u011f\u0131m\u0131z \u00e7\u00f6z\u00fcmlerde, uzmanl\u0131\u011f\u0131m\u0131z\u0131 ve titizli\u011fimizi her zaman hissettiriyoruz. G\u00fcvenilirlik, do\u011fruluk ve etik de\u011ferlere olan ba\u011fl\u0131l\u0131\u011f\u0131m\u0131zla, i\u015fimizi s\u00fcrd\u00fcr\u00fclebilir bir \u015fekilde yap\u0131yoruz. Bizimle \u00e7al\u0131\u015farak, profesyonelli\u011fin g\u00fcc\u00fcn\u00fc ke\u015ffedin.<\/p>\n<\/div>\n\n\n\n<div class=\"wp-block-column is-layout-flow wp-container-core-column-layout-10 wp-block-column-is-layout-flow\">\n<figure class=\"wp-block-image size-large\"><img decoding=\"async\" src=\"http:\/\/www.baransigorta.com\/wp-content\/themes\/astra\/inc\/assets\/images\/starter-content\/support.svg\" alt=\"\" class=\"wp-image-164\"\/><\/figure>\n\n\n\n<h3 class=\"wp-block-heading\" style=\"margin-top:16px\">Destek<\/h3>\n\n\n\n<p>Sigorta Tak\u0131m\u0131 olarak, m\u00fc\u015fteri memnuniyetini sa\u011flamak ve her ihtiyaca an\u0131nda yan\u0131t verebilmek ad\u0131na g\u00fc\u00e7l\u00fc bir destek ekibine sahibiz. Uzman ve deneyimli kadromuz, siz de\u011ferli m\u00fc\u015fterilerimizin her t\u00fcrl\u00fc sorununa \u00e7\u00f6z\u00fcm odakl\u0131 yakla\u015f\u0131mlar sunarak, sizi en iyi \u015fekilde desteklemek i\u00e7in burada.<\/p>\n<\/div>\n<\/div>\n<\/div>\n\n\n\n<div class=\"wp-block-group alignfull object-position:cover; has-background is-content-justification-center is-layout-constrained wp-block-group-is-layout-constrained wp-container-1 is-position-sticky\" id=\"contact\" style=\"background:linear-gradient(35deg,rgb(6,0,151) 0%,rgb(130,4,255) 64%,rgb(193,15,255) 98%);padding-top:104px;padding-bottom:104px\">\n<h2 class=\"wp-block-heading has-text-align-center has-text-color\" style=\"color:#ffffff\">Hemen Profesyonel Sigorta Hizmeti Almak \u0130\u00e7in Bize Ula\u015f\u0131n<\/h2>\n\n\n\n<p class=\"has-text-align-center has-ast-global-color-5-color has-text-color has-link-color has-medium-font-size wp-elements-e20f3a6726d998e533c3fd68014e8fb5\">Adres: Hac\u0131 abdi mahallesi akbay caddesi eser apartman\u0131 alt\u0131 no 38:c BATTALGAZ\u0130 MALATYA<\/p>\n\n\n\n<p class=\"has-text-align-center has-ast-global-color-5-color has-text-color has-link-color has-medium-font-size wp-elements-9e6bc84d6ddafe0aece48bf108a45b26\">\u0130leti\u015fim Numaralar\u0131m\u0131z <\/p>\n\n\n\n<p class=\"has-text-align-center has-ast-global-color-5-color has-text-color has-link-color has-medium-font-size wp-elements-e5290b6adad0ad0799f1c85609c8b770\">0542 607 55 44<\/p>\n\n\n\n<p class=\"has-text-align-center has-ast-global-color-5-color has-text-color has-link-color has-medium-font-size wp-elements-e3ca5c336c735032169937705215fa1c\">0422 324 84 75<\/p>\n\n\n\n<div class=\"wp-block-buttons alignwide is-horizontal is-content-justification-center is-layout-flex wp-container-core-buttons-layout-2 wp-block-buttons-is-layout-flex\" style=\"margin-top:50px\">\n<div class=\"wp-block-button\"><a class=\"wp-block-button__link wp-element-button\" href=\"https:\/\/api.whatsapp.com\/send\/?phone=905426075544&amp;text&amp;type=phone_number&amp;app_absent=0\" target=\"_blank\" rel=\"noreferrer noopener\">\u0130leti\u015fim<\/a><\/div>\n<\/div>\n\n\n\n<div class=\"wp-block-columns is-layout-flex wp-container-core-columns-layout-4 wp-block-columns-is-layout-flex\">\n<div class=\"wp-block-column is-layout-flow wp-block-column-is-layout-flow\">\n<iframe style=\"border: 0; width: 100%; height: 100% ;margin: 25px 1px;\" src=\"https:\/\/www.google.com\/maps\/embed?pb=!1m18!1m12!1m3!1d391.17988800132287!2d38.306728944971574!3d38.338817709034885!2m3!1f0!2f0!3f0!3m2!1i1024!2i768!4f13.1!3m3!1m2!1s0x40763134a8643163%3A0x25794f0f37d0d61a!2sHac%C4%B1%20Abdi%2C%20Akbay%20Cd.%2038%2C%2044120%20Battalgazi%2FMalatya!5e0!3m2!1str!2str!4v1710979792836!5m2!1str!2str\" width=\"600\" height=\"450\" style=\"border:0;\" allowfullscreen=\"\" loading=\"lazy\" referrerpolicy=\"no-referrer-when-downgrade\"><\/iframe>\n<\/div>\n\n\n\n<div class=\"wp-block-column is-layout-flow wp-block-column-is-layout-flow\"><\/div>\n<\/div>\n<\/div>\n\n\n","protected":false},"excerpt":{"rendered":"<p>Konut Sigortas\u0131 Tarsim Zorunlu Trafik Sigortas\u0131 Tamamlay\u0131c\u0131 Sa\u011fl\u0131k Sigortas\u0131 Dask Sigortas\u0131 Seyehat Sigortas\u0131 Ara\u00e7 Kaskosu Sigorta Tak\u0131m\u0131: G\u00fcvenle Gelece\u011fe Ad\u0131m [&hellip;]<\/p>\n","protected":false},"author":1,"featured_media":0,"parent":0,"menu_order":0,"comment_status":"closed","ping_status":"closed","template":"","meta":{"site-sidebar-layout":"no-sidebar","site-content-layout":"plain-container","ast-site-content-layout":"default","site-content-style":"default","site-sidebar-style":"default","ast-global-header-display":"","ast-banner-title-visibility":"","ast-main-header-display":"","ast-hfb-above-header-display":"","ast-hfb-below-header-display":"","ast-hfb-mobile-header-display":"","site-post-title":"disabled","ast-breadcrumbs-content":"","ast-featured-img":"","footer-sml-layout":"","ast-disable-related-posts":"","theme-transparent-header-meta":"enabled","adv-header-id-meta":"","stick-header-meta":"","header-above-stick-meta":"","header-main-stick-meta":"","header-below-stick-meta":"","astra-migrate-meta-layouts":"default","ast-page-background-enabled":"default","ast-page-background-meta":{"desktop":{"background-color":"var(--ast-global-color-4)","background-image":"","background-repeat":"repeat","background-position":"center center","background-size":"auto","background-attachment":"scroll","background-type":"","background-media":"","overlay-type":"","overlay-color":"","overlay-opacity":"","overlay-gradient":""},"tablet":{"background-color":"","background-image":"","background-repeat":"repeat","background-position":"center center","background-size":"auto","background-attachment":"scroll","background-type":"","background-media":"","overlay-type":"","overlay-color":"","overlay-opacity":"","overlay-gradient":""},"mobile":{"background-color":"","background-image":"","background-repeat":"repeat","background-position":"center center","background-size":"auto","background-attachment":"scroll","background-type":"","background-media":"","overlay-type":"","overlay-color":"","overlay-opacity":"","overlay-gradient":""}},"ast-content-background-meta":{"desktop":{"background-color":"var(--ast-global-color-5)","background-image":"","background-repeat":"repeat","background-position":"center center","background-size":"auto","background-attachment":"scroll","background-type":"","background-media":"","overlay-type":"","overlay-color":"","overlay-opacity":"","overlay-gradient":""},"tablet":{"background-color":"var(--ast-global-color-5)","background-image":"","background-repeat":"repeat","background-position":"center center","background-size":"auto","background-attachment":"scroll","background-type":"","background-media":"","overlay-type":"","overlay-color":"","overlay-opacity":"","overlay-gradient":""},"mobile":{"background-color":"var(--ast-global-color-5)","background-image":"","background-repeat":"repeat","background-position":"center center","background-size":"auto","background-attachment":"scroll","background-type":"","background-media":"","overlay-type":"","overlay-color":"","overlay-opacity":"","overlay-gradient":""}},"footnotes":""},"_links":{"self":[{"href":"http:\/\/www.baransigorta.com\/index.php\/wp-json\/wp\/v2\/pages\/14"}],"collection":[{"href":"http:\/\/www.baransigorta.com\/index.php\/wp-json\/wp\/v2\/pages"}],"about":[{"href":"http:\/\/www.baransigorta.com\/index.php\/wp-json\/wp\/v2\/types\/page"}],"author":[{"embeddable":true,"href":"http:\/\/www.baransigorta.com\/index.php\/wp-json\/wp\/v2\/users\/1"}],"replies":[{"embeddable":true,"href":"http:\/\/www.baransigorta.com\/index.php\/wp-json\/wp\/v2\/comments?post=14"}],"version-history":[{"count":74,"href":"http:\/\/www.baransigorta.com\/index.php\/wp-json\/wp\/v2\/pages\/14\/revisions"}],"predecessor-version":[{"id":56,"href":"http:\/\/www.baransigorta.com\/index.php\/wp-json\/wp\/v2\/pages\/14\/revisions\/56"}],"wp:attachment":[{"href":"http:\/\/www.baransigorta.com\/index.php\/wp-json\/wp\/v2\/media?parent=14"}],"curies":[{"name":"wp","href":"https:\/\/api.w.org\/{rel}","templated":true}]}}